{"id":90,"date":"2021-09-15T19:37:26","date_gmt":"2021-09-15T17:37:26","guid":{"rendered":"http:\/\/int-strupen.sandsdalen.net\/?page_id=90"},"modified":"2021-09-15T19:37:26","modified_gmt":"2021-09-15T17:37:26","slug":"kort-historie-om-strupen","status":"publish","type":"page","link":"https:\/\/www.strupen.no\/index.php\/kort-historie-om-strupen\/","title":{"rendered":"Kort historie om Strupen"},"content":{"rendered":"\n<ul class=\"wp-block-list\"><li>I Strupen bodde det p\u00e5 det meste rundt 130 innbyggere. I dag er det 22 fastboende i bygda, men flere har fritidsboliger i bygda. <\/li><li>Juksavatn-omr\u00e5det er et sv\u00e6rt popul\u00e6rt friluftsomr\u00e5de p\u00e5 grunn av natur-, kultur- og opplevelsesverdier i omr\u00e5det. Omr\u00e5det byr p\u00e5 kulturhistorie, muligheter for sm\u00e5turer rundt det idylliske vatnet og for lengere turer inn mot Andorvatnet. Det er gode muligheter for fiske og sm\u00e5viltjakt.&nbsp;<\/li><li>Navnet Juksavatnet er en fornorsking av det samiske Njuk`ca-javrre som betyr Svanevatnet p\u00e5 norsk.&nbsp;<\/li><li>Balsfjord kommune eier i dag syv tidligere landbrukseiendommer fra Juksavatnet til Andorvatnet p\u00e5 tilsammen 6500 daa med ca. 3000 daa produktiv skog.&nbsp;Det er disse som i dag utgj\u00f8r friluftsomr\u00e5det. P\u00e5 nordsida kommer et par private eiendommer ned til vatnet.<\/li><li>De fleste husene var t\u00f8mmerhus, men ogs\u00e5 noen i reisverk eller som gammer. Gammene var helst for husdyrene.&nbsp;<\/li><li>P\u00e5 de syv brukene vokste det opp 22 barn som fylte godt opp i skolestua nede i Strupen.<\/li><\/ul>\n","protected":false},"excerpt":{"rendered":"<p>I Strupen bodde det p\u00e5 det meste rundt 130 innbyggere. I dag er det 22 fastboende i bygda, men flere har fritidsboliger i bygda. Juksavatn-omr\u00e5det er et sv\u00e6rt popul\u00e6rt friluftsomr\u00e5de p\u00e5 grunn av natur-, kultur- og opplevelsesverdier i omr\u00e5det. Omr\u00e5det byr p\u00e5 kulturhistorie, muligheter for sm\u00e5turer rundt det idylliske vatnet og for lengere turer inn&hellip; <a class=\"more-link\" href=\"https:\/\/www.strupen.no\/index.php\/kort-historie-om-strupen\/\">Fortsett \u00e5 lese <span class=\"screen-reader-text\">Kort historie om Strupen<\/span><\/a><\/p>\n","protected":false},"author":1,"featured_media":91,"parent":0,"menu_order":0,"comment_status":"closed","ping_status":"closed","template":"","meta":{"footnotes":""},"categories":[],"tags":[],"class_list":["post-90","page","type-page","status-publish","has-post-thumbnail","hentry","entry"],"_links":{"self":[{"href":"https:\/\/www.strupen.no\/index.php\/wp-json\/wp\/v2\/pages\/90","targetHints":{"allow":["GET"]}}],"collection":[{"href":"https:\/\/www.strupen.no\/index.php\/wp-json\/wp\/v2\/pages"}],"about":[{"href":"https:\/\/www.strupen.no\/index.php\/wp-json\/wp\/v2\/types\/page"}],"author":[{"embeddable":true,"href":"https:\/\/www.strupen.no\/index.php\/wp-json\/wp\/v2\/users\/1"}],"replies":[{"embeddable":true,"href":"https:\/\/www.strupen.no\/index.php\/wp-json\/wp\/v2\/comments?post=90"}],"version-history":[{"count":3,"href":"https:\/\/www.strupen.no\/index.php\/wp-json\/wp\/v2\/pages\/90\/revisions"}],"predecessor-version":[{"id":94,"href":"https:\/\/www.strupen.no\/index.php\/wp-json\/wp\/v2\/pages\/90\/revisions\/94"}],"wp:featuredmedia":[{"embeddable":true,"href":"https:\/\/www.strupen.no\/index.php\/wp-json\/wp\/v2\/media\/91"}],"wp:attachment":[{"href":"https:\/\/www.strupen.no\/index.php\/wp-json\/wp\/v2\/media?parent=90"}],"wp:term":[{"taxonomy":"category","embeddable":true,"href":"https:\/\/www.strupen.no\/index.php\/wp-json\/wp\/v2\/categories?post=90"},{"taxonomy":"post_tag","embeddable":true,"href":"https:\/\/www.strupen.no\/index.php\/wp-json\/wp\/v2\/tags?post=90"}],"curies":[{"name":"wp","href":"https:\/\/api.w.org\/{rel}","templated":true}]}}