{"id":6,"date":"2021-07-13T14:50:50","date_gmt":"2021-07-13T12:50:50","guid":{"rendered":"http:\/\/int-strupen.sandsdalen.net\/?page_id=6"},"modified":"2021-09-15T19:41:58","modified_gmt":"2021-09-15T17:41:58","slug":"om-oss","status":"publish","type":"page","link":"https:\/\/www.strupen.no\/index.php\/om-oss\/","title":{"rendered":"Om oss"},"content":{"rendered":"\n<h2 class=\"wp-block-heading\">Strupen utviklingslag<\/h2>\n\n\n\n<p><strong>2. mai 2015 ble STRUPEN UTVIKLINGSLAG stiftet.<\/strong><\/p>\n\n\n\n<p>Laget hadde f\u00f8rste ordin\u00e6re \u00e5rsm\u00f8te 26. juli 2015.<\/p>\n\n\n\n<p>Dagens verv er besatt slik (etter \u00e5rsm\u00f8tet 27. februar 2021)<\/p>\n\n\n\n<ul class=\"wp-block-list\"><li>Leder: Oddvar Sommervik Olavsen<\/li><li>Nestleder: Konrad Faljord<\/li><li>Sekret\u00e6r: Randi Olavsen Sommervik<\/li><li>Kasserer: Emmy Bryntesen<\/li><li>Styremedlem: Sven Harald Stensland<\/li><li>varamedlemer: Peder Vonheim&nbsp; og&nbsp; Siv Heggem Bj\u00f8rklund<\/li><li>Valgkomite:&nbsp;Mona Strand og Jan-Egil Jacobsen<\/li><li>Revisor: G\u00f8rhild Olsen<\/li><\/ul>\n\n\n\n<p>Fram til d.d. er det opprettet egen konto i Sparebanken Nord-Norge. Laget er ogs\u00e5 innmeldt som eget foretak i Br\u00f8nn\u00f8ysundregisteret, og er registrert som grasrotmottaker hos Norsk Tipping.<\/p>\n\n\n\n<p>Laget har f\u00e5tt innvilget 10&nbsp;000 i driftstilskudd fra kommunen og 5000 kroner fra T\u00f8mmerelv veiservice.<\/p>\n\n\n\n<p>Utviklingslaget skal jobbe med ulike trivselsfremmende tiltak til det beste for bygda og dens bes\u00f8kende. I s\u00e5 m\u00e5te har det v\u00e6rt gjort en formidabel innsats.<br><\/p>\n\n\n\n<ul class=\"wp-block-list\"><li>Langs Strupveien er det plassert ut to bord med benker.<\/li><li>Det er ryddet tras\u00e9 opp til \u00abSt-Hans haugen\u00bb oppe p\u00e5 Juksafjellet. Her er b\u00e5lplass og postkasse med bok satt opp.<\/li><li>Oppe ved Juksavatn er det ryddet skog\/kratt, planert og kj\u00f8rt p\u00e5 masser i omr\u00e5det rundt gapahuken\/flytebrygga. Her er det ogs\u00e5 plassert ut benker\/bord, utegriller og blomsterkrukker. I tillegg er det planert og s\u00e5dd et omr\u00e5de for teltplass.<\/li><\/ul>\n\n\n\n<p><br>N\u00e5r det gjelder lagets viktigste rolle, nemlig \u00e5 v\u00e6re en p\u00e5driver for \u00f8kt verdiskapning og positiv utvikling i bygda, m\u00e5 det sies at vi har f\u00e5tt en pangstart. De tiltak som allerede er gjennomf\u00f8rt har f\u00e5tt overveldende respons b\u00e5de fra bygdefolket og bes\u00f8kende.<br><br>V\u00e5rt \u00f8nske er at vi med dette bidrar til \u00e5 gj\u00f8re bygda Strupen og plassen ved Juksavatn enda mer attraktiv. V\u00e5r oppfordring til alle som benytter omr\u00e5det er \u00e5 rydde etter seg og ta vare p\u00e5 s\u00f8ppel, eventuell legg denne i s\u00f8ppelboksen.<\/p>\n","protected":false},"excerpt":{"rendered":"<p>Strupen utviklingslag 2. mai 2015 ble STRUPEN UTVIKLINGSLAG stiftet. Laget hadde f\u00f8rste ordin\u00e6re \u00e5rsm\u00f8te 26. juli 2015. Dagens verv er besatt slik (etter \u00e5rsm\u00f8tet 27. februar 2021) Leder: Oddvar Sommervik Olavsen Nestleder: Konrad Faljord Sekret\u00e6r: Randi Olavsen Sommervik Kasserer: Emmy Bryntesen Styremedlem: Sven Harald Stensland varamedlemer: Peder Vonheim&nbsp; og&nbsp; Siv Heggem Bj\u00f8rklund Valgkomite:&nbsp;Mona Strand og&hellip; <a class=\"more-link\" href=\"https:\/\/www.strupen.no\/index.php\/om-oss\/\">Fortsett \u00e5 lese <span class=\"screen-reader-text\">Om oss<\/span><\/a><\/p>\n","protected":false},"author":1,"featured_media":0,"parent":0,"menu_order":0,"comment_status":"closed","ping_status":"closed","template":"","meta":{"footnotes":""},"categories":[],"tags":[],"class_list":["post-6","page","type-page","status-publish","hentry","entry"],"_links":{"self":[{"href":"https:\/\/www.strupen.no\/index.php\/wp-json\/wp\/v2\/pages\/6","targetHints":{"allow":["GET"]}}],"collection":[{"href":"https:\/\/www.strupen.no\/index.php\/wp-json\/wp\/v2\/pages"}],"about":[{"href":"https:\/\/www.strupen.no\/index.php\/wp-json\/wp\/v2\/types\/page"}],"author":[{"embeddable":true,"href":"https:\/\/www.strupen.no\/index.php\/wp-json\/wp\/v2\/users\/1"}],"replies":[{"embeddable":true,"href":"https:\/\/www.strupen.no\/index.php\/wp-json\/wp\/v2\/comments?post=6"}],"version-history":[{"count":4,"href":"https:\/\/www.strupen.no\/index.php\/wp-json\/wp\/v2\/pages\/6\/revisions"}],"predecessor-version":[{"id":98,"href":"https:\/\/www.strupen.no\/index.php\/wp-json\/wp\/v2\/pages\/6\/revisions\/98"}],"wp:attachment":[{"href":"https:\/\/www.strupen.no\/index.php\/wp-json\/wp\/v2\/media?parent=6"}],"wp:term":[{"taxonomy":"category","embeddable":true,"href":"https:\/\/www.strupen.no\/index.php\/wp-json\/wp\/v2\/categories?post=6"},{"taxonomy":"post_tag","embeddable":true,"href":"https:\/\/www.strupen.no\/index.php\/wp-json\/wp\/v2\/tags?post=6"}],"curies":[{"name":"wp","href":"https:\/\/api.w.org\/{rel}","templated":true}]}}