{"id":111,"date":"2021-09-15T19:59:14","date_gmt":"2021-09-15T17:59:14","guid":{"rendered":"http:\/\/int-strupen.sandsdalen.net\/?page_id=111"},"modified":"2021-09-21T07:05:45","modified_gmt":"2021-09-21T05:05:45","slug":"lenker","status":"publish","type":"page","link":"https:\/\/www.strupen.no\/index.php\/lenker\/","title":{"rendered":"Lenker"},"content":{"rendered":"\n<p>Lenker til sider som omhandler Strupen.<\/p>\n\n\n\n<h2 class=\"wp-block-heading\"><a href=\"https:\/\/www.nordlys.no\/nyheter\/er-strupens-egentlige-navn-gull-strupen\/s\/1-79-6127993\">Er Strupens egentlige navn Gull-Strupen?<\/a><\/h2>\n\n\n\n<p>2012: Oddvar Olavsen forteller Nordlys om kronjuvelene<\/p>\n\n\n\n<h2 class=\"wp-block-heading\"><a href=\"https:\/\/www.nrk.no\/kultur\/norge-rundt-pa-skattejakt-1.904748\">Norge Rundt p\u00e5 skattejakt<\/a><\/h2>\n\n\n\n<p>2003: Norge Rundt er p\u00e5 skattejakt sammen med Mangvald Steinhaug<\/p>\n\n\n\n<h2 class=\"wp-block-heading\"><a href=\"https:\/\/www.nrk.no\/kultur\/skattejeger-magnvald-1.892766\">Skattejeger Magnvald<\/a><\/h2>\n\n\n\n<p>2001: Norgesglasset blir med Magnvald Steinhaug p\u00e5 jakt etter franske kronjuveler.<\/p>\n\n\n\n<h2 class=\"wp-block-heading\"><a href=\"http:\/\/www.norge-rundt.no\/video\/6866\">P\u00e5 jakt etter de franske kronjuvelene<\/a><\/h2>\n\n\n\n<p>NRK, Norge rundt 23.mai 2003. G\u00e5 ca 9 minutter utover i sendinga.<\/p>\n\n\n\n<h2 class=\"wp-block-heading\"><a href=\"https:\/\/www.strupen.no\/lenker\/om-juksavatn-pa-telltur.no\">Om Juksavatn p\u00e5 telltur.no<\/a><\/h2>\n\n\n\n<p>Juksavatnet er et flott tilrettelagt friluftsomr\u00e5de med gapahuk, kanobrygge og toalett. Skal du ta med familien p\u00e5 tur, er dette vannet som er virkelig tilpasset alle.<\/p>\n\n\n\n<h2 class=\"wp-block-heading\"><a href=\"https:\/\/www.ishavskysten.no\/balsfjord-juksavatn.492541.no.html\">Juksavatn p\u00e5 ishavskysten.no<\/a><\/h2>\n\n\n\n<p>Juksavatn er regionens st\u00f8rste sikra omr\u00e5de og et nydelig omr\u00e5de i Strupen i Balsfjord kommune, godt tilrettelagt for mange typer av friluftsaktiviteter og godt brukt av lokale og tilreisende.<\/p>\n","protected":false},"excerpt":{"rendered":"<p>Lenker til sider som omhandler Strupen. Er Strupens egentlige navn Gull-Strupen? 2012: Oddvar Olavsen forteller Nordlys om kronjuvelene Norge Rundt p\u00e5 skattejakt 2003: Norge Rundt er p\u00e5 skattejakt sammen med Mangvald Steinhaug Skattejeger Magnvald 2001: Norgesglasset blir med Magnvald Steinhaug p\u00e5 jakt etter franske kronjuveler. P\u00e5 jakt etter de franske kronjuvelene NRK, Norge rundt 23.mai&hellip; <a class=\"more-link\" href=\"https:\/\/www.strupen.no\/index.php\/lenker\/\">Fortsett \u00e5 lese <span class=\"screen-reader-text\">Lenker<\/span><\/a><\/p>\n","protected":false},"author":1,"featured_media":0,"parent":0,"menu_order":0,"comment_status":"closed","ping_status":"closed","template":"","meta":{"footnotes":""},"categories":[],"tags":[],"class_list":["post-111","page","type-page","status-publish","hentry","entry"],"_links":{"self":[{"href":"https:\/\/www.strupen.no\/index.php\/wp-json\/wp\/v2\/pages\/111","targetHints":{"allow":["GET"]}}],"collection":[{"href":"https:\/\/www.strupen.no\/index.php\/wp-json\/wp\/v2\/pages"}],"about":[{"href":"https:\/\/www.strupen.no\/index.php\/wp-json\/wp\/v2\/types\/page"}],"author":[{"embeddable":true,"href":"https:\/\/www.strupen.no\/index.php\/wp-json\/wp\/v2\/users\/1"}],"replies":[{"embeddable":true,"href":"https:\/\/www.strupen.no\/index.php\/wp-json\/wp\/v2\/comments?post=111"}],"version-history":[{"count":8,"href":"https:\/\/www.strupen.no\/index.php\/wp-json\/wp\/v2\/pages\/111\/revisions"}],"predecessor-version":[{"id":161,"href":"https:\/\/www.strupen.no\/index.php\/wp-json\/wp\/v2\/pages\/111\/revisions\/161"}],"wp:attachment":[{"href":"https:\/\/www.strupen.no\/index.php\/wp-json\/wp\/v2\/media?parent=111"}],"wp:term":[{"taxonomy":"category","embeddable":true,"href":"https:\/\/www.strupen.no\/index.php\/wp-json\/wp\/v2\/categories?post=111"},{"taxonomy":"post_tag","embeddable":true,"href":"https:\/\/www.strupen.no\/index.php\/wp-json\/wp\/v2\/tags?post=111"}],"curies":[{"name":"wp","href":"https:\/\/api.w.org\/{rel}","templated":true}]}}